{"id":2356,"date":"2022-01-05T10:04:29","date_gmt":"2022-01-05T10:04:29","guid":{"rendered":"https:\/\/aznais.com\/?page_id=2356"},"modified":"2023-02-08T12:10:57","modified_gmt":"2023-02-08T12:10:57","slug":"hipnose-clinica","status":"publish","type":"page","link":"https:\/\/aznais.com\/en\/hipnose-clinica\/","title":{"rendered":"Hipnose cl\u00ednica"},"content":{"rendered":"\t\t<div data-elementor-type=\"wp-page\" data-elementor-id=\"2356\" class=\"elementor elementor-2356\" data-elementor-post-type=\"page\">\n\t\t\t\t\t\t<section class=\"elementor-section elementor-top-section elementor-element elementor-element-35eb0fb elementor-hidden-desktop elementor-hidden-tablet elementor-hidden-mobile elementor-section-boxed elementor-section-height-default elementor-section-height-default\" data-id=\"35eb0fb\" data-element_type=\"section\" data-settings=\"{&quot;background_background&quot;:&quot;classic&quot;,&quot;sticky&quot;:&quot;top&quot;,&quot;sticky_on&quot;:[&quot;desktop&quot;,&quot;tablet&quot;,&quot;mobile&quot;],&quot;sticky_offset&quot;:0,&quot;sticky_effects_offset&quot;:0,&quot;sticky_anchor_link_offset&quot;:0}\">\n\t\t\t\t\t\t<div class=\"elementor-container elementor-column-gap-default\">\n\t\t\t\t\t<div class=\"elementor-column elementor-col-33 elementor-top-column elementor-element elementor-element-2fbac65\" data-id=\"2fbac65\" data-element_type=\"column\">\n\t\t\t<div class=\"elementor-widget-wrap elementor-element-populated\">\n\t\t\t\t\t\t<div class=\"elementor-element elementor-element-be3803d elementor-widget elementor-widget-image\" data-id=\"be3803d\" data-element_type=\"widget\" data-widget_type=\"image.default\">\n\t\t\t\t<div class=\"elementor-widget-container\">\n\t\t\t\t\t\t\t\t\t\t\t\t\t\t\t<img fetchpriority=\"high\" decoding=\"async\" width=\"800\" height=\"228\" src=\"https:\/\/aznais.com\/wp-content\/uploads\/2021\/12\/Logo-2-1024x292.png\" class=\"attachment-large size-large wp-image-2580\" alt=\"\" srcset=\"https:\/\/aznais.com\/wp-content\/uploads\/2021\/12\/Logo-2-1024x292.png 1024w, https:\/\/aznais.com\/wp-content\/uploads\/2021\/12\/Logo-2-600x171.png 600w, https:\/\/aznais.com\/wp-content\/uploads\/2021\/12\/Logo-2-300x86.png 300w, https:\/\/aznais.com\/wp-content\/uploads\/2021\/12\/Logo-2-768x219.png 768w, https:\/\/aznais.com\/wp-content\/uploads\/2021\/12\/Logo-2-1536x438.png 1536w, https:\/\/aznais.com\/wp-content\/uploads\/2021\/12\/Logo-2-1080x308.png 1080w, https:\/\/aznais.com\/wp-content\/uploads\/2021\/12\/Logo-2-1280x365.png 1280w, https:\/\/aznais.com\/wp-content\/uploads\/2021\/12\/Logo-2-980x279.png 980w, https:\/\/aznais.com\/wp-content\/uploads\/2021\/12\/Logo-2-480x137.png 480w, https:\/\/aznais.com\/wp-content\/uploads\/2021\/12\/Logo-2.png 1676w\" sizes=\"(max-width: 800px) 100vw, 800px\" \/>\t\t\t\t\t\t\t\t\t\t\t\t\t\t\t<\/div>\n\t\t\t\t<\/div>\n\t\t\t\t\t<\/div>\n\t\t<\/div>\n\t\t\t\t<div class=\"elementor-column elementor-col-33 elementor-top-column elementor-element elementor-element-e239834\" data-id=\"e239834\" data-element_type=\"column\">\n\t\t\t<div class=\"elementor-widget-wrap elementor-element-populated\">\n\t\t\t\t\t\t<div class=\"elementor-element elementor-element-4de8312 elementor-nav-menu__align-end elementor-nav-menu--dropdown-tablet elementor-nav-menu__text-align-aside elementor-nav-menu--toggle elementor-nav-menu--burger elementor-widget elementor-widget-nav-menu\" data-id=\"4de8312\" data-element_type=\"widget\" data-settings=\"{&quot;submenu_icon&quot;:{&quot;value&quot;:&quot;&lt;i class=\\&quot;\\&quot; aria-hidden=\\&quot;true\\&quot;&gt;&lt;\\\/i&gt;&quot;,&quot;library&quot;:&quot;&quot;},&quot;layout&quot;:&quot;horizontal&quot;,&quot;toggle&quot;:&quot;burger&quot;}\" data-widget_type=\"nav-menu.default\">\n\t\t\t\t<div class=\"elementor-widget-container\">\n\t\t\t\t\t\t\t\t<nav aria-label=\"Menu\" class=\"elementor-nav-menu--main elementor-nav-menu__container elementor-nav-menu--layout-horizontal e--pointer-none\">\n\t\t\t\t<ul id=\"menu-1-4de8312\" class=\"elementor-nav-menu\"><li class=\"menu-item menu-item-type-taxonomy menu-item-object-product_cat menu-item-10840\"><a href=\"https:\/\/aznais.com\/en\/product-category\/aromaterapia\/\" class=\"elementor-item\">Aromaterapia<\/a><\/li>\n<li class=\"menu-item menu-item-type-taxonomy menu-item-object-product_cat menu-item-10841\"><a href=\"https:\/\/aznais.com\/en\/product-category\/incensos\/\" class=\"elementor-item\">Incensos<\/a><\/li>\n<li class=\"menu-item menu-item-type-taxonomy menu-item-object-product_cat menu-item-10842\"><a href=\"https:\/\/aznais.com\/en\/product-category\/limpeza-energetica\/\" class=\"elementor-item\">Limpeza Energ\u00e9tica<\/a><\/li>\n<li class=\"menu-item menu-item-type-taxonomy menu-item-object-product_cat menu-item-11155\"><a href=\"https:\/\/aznais.com\/en\/product-category\/velas\/\" class=\"elementor-item\">Velas<\/a><\/li>\n<li class=\"menu-item menu-item-type-taxonomy menu-item-object-product_cat menu-item-10844\"><a href=\"https:\/\/aznais.com\/en\/product-category\/pedras-e-minerais\/\" class=\"elementor-item\">Pedras e Minerais<\/a><\/li>\n<li class=\"menu-item menu-item-type-taxonomy menu-item-object-product_cat menu-item-11254\"><a href=\"https:\/\/aznais.com\/en\/product-category\/bijuteria-e-acessorios\/\" class=\"elementor-item\">Bijuteria e Acess\u00f3rios<\/a><\/li>\n<li class=\"menu-item menu-item-type-taxonomy menu-item-object-product_cat menu-item-10845\"><a href=\"https:\/\/aznais.com\/en\/product-category\/casa-e-decoracao\/\" class=\"elementor-item\">Casa e Decora\u00e7\u00e3o<\/a><\/li>\n<li class=\"menu-item menu-item-type-taxonomy menu-item-object-product_cat menu-item-10846\"><a href=\"https:\/\/aznais.com\/en\/product-category\/produtos-de-banho\/\" class=\"elementor-item\">Produtos de Banho<\/a><\/li>\n<\/ul>\t\t\t<\/nav>\n\t\t\t\t\t<div class=\"elementor-menu-toggle\" role=\"button\" tabindex=\"0\" aria-label=\"Menu Toggle\" aria-expanded=\"false\">\n\t\t\t<i aria-hidden=\"true\" role=\"presentation\" class=\"elementor-menu-toggle__icon--open eicon-menu-bar\"><\/i><i aria-hidden=\"true\" role=\"presentation\" class=\"elementor-menu-toggle__icon--close eicon-close\"><\/i>\t\t<\/div>\n\t\t\t\t\t<nav class=\"elementor-nav-menu--dropdown elementor-nav-menu__container\" aria-hidden=\"true\">\n\t\t\t\t<ul id=\"menu-2-4de8312\" class=\"elementor-nav-menu\"><li class=\"menu-item menu-item-type-taxonomy menu-item-object-product_cat menu-item-10840\"><a href=\"https:\/\/aznais.com\/en\/product-category\/aromaterapia\/\" class=\"elementor-item\" tabindex=\"-1\">Aromaterapia<\/a><\/li>\n<li class=\"menu-item menu-item-type-taxonomy menu-item-object-product_cat menu-item-10841\"><a href=\"https:\/\/aznais.com\/en\/product-category\/incensos\/\" class=\"elementor-item\" tabindex=\"-1\">Incensos<\/a><\/li>\n<li class=\"menu-item menu-item-type-taxonomy menu-item-object-product_cat menu-item-10842\"><a href=\"https:\/\/aznais.com\/en\/product-category\/limpeza-energetica\/\" class=\"elementor-item\" tabindex=\"-1\">Limpeza Energ\u00e9tica<\/a><\/li>\n<li class=\"menu-item menu-item-type-taxonomy menu-item-object-product_cat menu-item-11155\"><a href=\"https:\/\/aznais.com\/en\/product-category\/velas\/\" class=\"elementor-item\" tabindex=\"-1\">Velas<\/a><\/li>\n<li class=\"menu-item menu-item-type-taxonomy menu-item-object-product_cat menu-item-10844\"><a href=\"https:\/\/aznais.com\/en\/product-category\/pedras-e-minerais\/\" class=\"elementor-item\" tabindex=\"-1\">Pedras e Minerais<\/a><\/li>\n<li class=\"menu-item menu-item-type-taxonomy menu-item-object-product_cat menu-item-11254\"><a href=\"https:\/\/aznais.com\/en\/product-category\/bijuteria-e-acessorios\/\" class=\"elementor-item\" tabindex=\"-1\">Bijuteria e Acess\u00f3rios<\/a><\/li>\n<li class=\"menu-item menu-item-type-taxonomy menu-item-object-product_cat menu-item-10845\"><a href=\"https:\/\/aznais.com\/en\/product-category\/casa-e-decoracao\/\" class=\"elementor-item\" tabindex=\"-1\">Casa e Decora\u00e7\u00e3o<\/a><\/li>\n<li class=\"menu-item menu-item-type-taxonomy menu-item-object-product_cat menu-item-10846\"><a href=\"https:\/\/aznais.com\/en\/product-category\/produtos-de-banho\/\" class=\"elementor-item\" tabindex=\"-1\">Produtos de Banho<\/a><\/li>\n<\/ul>\t\t\t<\/nav>\n\t\t\t\t\t\t<\/div>\n\t\t\t\t<\/div>\n\t\t\t\t\t<\/div>\n\t\t<\/div>\n\t\t\t\t<div class=\"elementor-column elementor-col-33 elementor-top-column elementor-element elementor-element-070eb7f\" data-id=\"070eb7f\" data-element_type=\"column\">\n\t\t\t<div class=\"elementor-widget-wrap elementor-element-populated\">\n\t\t\t\t\t\t<div class=\"elementor-element elementor-element-285bb07 elementor-view-default elementor-widget elementor-widget-icon\" data-id=\"285bb07\" data-element_type=\"widget\" data-widget_type=\"icon.default\">\n\t\t\t\t<div class=\"elementor-widget-container\">\n\t\t\t\t\t\t\t<div class=\"elementor-icon-wrapper\">\n\t\t\t<a class=\"elementor-icon\" href=\"https:\/\/aznais.com\/rascunho-loja\/\">\n\t\t\t<i aria-hidden=\"true\" class=\"fas fa-shopping-cart\"><\/i>\t\t\t<\/a>\n\t\t<\/div>\n\t\t\t\t\t\t<\/div>\n\t\t\t\t<\/div>\n\t\t\t\t\t<\/div>\n\t\t<\/div>\n\t\t\t\t\t<\/div>\n\t\t<\/section>\n\t\t\t\t<section class=\"elementor-section elementor-top-section elementor-element elementor-element-ecec065 elementor-section-boxed elementor-section-height-default elementor-section-height-default\" data-id=\"ecec065\" data-element_type=\"section\" data-settings=\"{&quot;background_background&quot;:&quot;classic&quot;}\">\n\t\t\t\t\t\t<div class=\"elementor-container elementor-column-gap-default\">\n\t\t\t\t\t<div class=\"elementor-column elementor-col-100 elementor-top-column elementor-element elementor-element-e5f1279\" data-id=\"e5f1279\" data-element_type=\"column\">\n\t\t\t<div class=\"elementor-widget-wrap elementor-element-populated\">\n\t\t\t\t\t\t<div class=\"elementor-element elementor-element-9a81e99 elementor-widget elementor-widget-heading\" data-id=\"9a81e99\" data-element_type=\"widget\" data-widget_type=\"heading.default\">\n\t\t\t\t<div class=\"elementor-widget-container\">\n\t\t\t\t\t<h2 class=\"elementor-heading-title elementor-size-default\">HIPNOSE CL\u00cdNICA                   <\/h2>\t\t\t\t<\/div>\n\t\t\t\t<\/div>\n\t\t\t\t\t<\/div>\n\t\t<\/div>\n\t\t\t\t\t<\/div>\n\t\t<\/section>\n\t\t\t\t<section class=\"elementor-section elementor-top-section elementor-element elementor-element-3d3336e elementor-section-boxed elementor-section-height-default elementor-section-height-default\" data-id=\"3d3336e\" data-element_type=\"section\" data-settings=\"{&quot;background_background&quot;:&quot;classic&quot;}\">\n\t\t\t\t\t\t<div class=\"elementor-container elementor-column-gap-default\">\n\t\t\t\t\t<div class=\"elementor-column elementor-col-100 elementor-top-column elementor-element elementor-element-33424a4\" data-id=\"33424a4\" data-element_type=\"column\">\n\t\t\t<div class=\"elementor-widget-wrap elementor-element-populated\">\n\t\t\t\t\t\t<div class=\"elementor-element elementor-element-b4c6977 elementor-widget elementor-widget-heading\" data-id=\"b4c6977\" data-element_type=\"widget\" data-widget_type=\"heading.default\">\n\t\t\t\t<div class=\"elementor-widget-container\">\n\t\t\t\t\t<h2 class=\"elementor-heading-title elementor-size-default\">Quantas vezes nas nossas viv\u00eancias di\u00e1rias nos vemos limitados por fobias, v\u00edcios e falta de confian\u00e7a que n\u00e3o conseguimos explicar? Muitas vezes os epis\u00f3dios traum\u00e1ticos causadores destes bloqueios encontram-se na nossa mente inconsciente. A Hipnoterapia convida-nos a viajar at\u00e9 eles atrav\u00e9s de um ambiente tranquilo e seguro e ajuda-nos a lidar com eles. \n<br><br>\nAtrav\u00e9s da indu\u00e7\u00e3o hipn\u00f3tica, somos convidados a explorar todas as dimens\u00f5es do nosso Ser e entender que somos muito mais do que o nosso corpo ou os aspetos cognitivos. \n<br><br>\nA Hipnoterapia Transpessoal potencia o crescimento do Ser como um todo, ajudando cada um de n\u00f3s encontrar a sua ess\u00eancia, para al\u00e9m das dimens\u00f5es do ego e livres de julgamentos ou condicionamentos.\n<br><br>\nAtrav\u00e9s das t\u00e9cnicas da hipnose, medita\u00e7\u00e3o e terapia regressiva, tomamos consci\u00eancia das nossas verdadeiras capacidades e, atrav\u00e9s delas, conseguimos identificar as ferramentas que nos ajudar\u00e3o a lidar com a complexidade da vida e os poss\u00edveis bloqueios que, ao longo dela, teremos de enfrentar.\n<br><br>\nO transe hipn\u00f3tico \u00e9 um estado de concentra\u00e7\u00e3o profunda e absoluta. Toda a nossa aten\u00e7\u00e3o \u00e9 focada no que \u00e9 dito pelo terapeuta. N\u00e3o h\u00e1 o risco de fazermos algo contra a nossa vontade uma vez que apenas nos permitimos ser guiados para determinada situa\u00e7\u00e3o no espa\u00e7o ou no tempo.<\/h2>\t\t\t\t<\/div>\n\t\t\t\t<\/div>\n\t\t\t\t\t<\/div>\n\t\t<\/div>\n\t\t\t\t\t<\/div>\n\t\t<\/section>\n\t\t\t\t<section class=\"elementor-section elementor-top-section elementor-element elementor-element-9e80da5 elementor-section-boxed elementor-section-height-default elementor-section-height-default\" data-id=\"9e80da5\" data-element_type=\"section\" data-settings=\"{&quot;background_background&quot;:&quot;classic&quot;}\">\n\t\t\t\t\t\t<div class=\"elementor-container elementor-column-gap-default\">\n\t\t\t\t\t<div class=\"elementor-column elementor-col-100 elementor-top-column elementor-element elementor-element-9f54373\" data-id=\"9f54373\" data-element_type=\"column\">\n\t\t\t<div class=\"elementor-widget-wrap elementor-element-populated\">\n\t\t\t\t\t\t<div class=\"elementor-element elementor-element-7aaa704 elementor-widget elementor-widget-heading\" data-id=\"7aaa704\" data-element_type=\"widget\" data-widget_type=\"heading.default\">\n\t\t\t\t<div class=\"elementor-widget-container\">\n\t\t\t\t\t<h2 class=\"elementor-heading-title elementor-size-default\">HIPNOSE CL\u00cdNICA - 40\u20ac<\/h2>\t\t\t\t<\/div>\n\t\t\t\t<\/div>\n\t\t\t\t<div class=\"elementor-element elementor-element-ff0b993 elementor-widget elementor-widget-image\" data-id=\"ff0b993\" data-element_type=\"widget\" data-widget_type=\"image.default\">\n\t\t\t\t<div class=\"elementor-widget-container\">\n\t\t\t\t\t\t\t\t\t\t\t\t\t\t\t\t<a href=\"https:\/\/buk.pt\/aznais\">\n\t\t\t\t\t\t\t<img decoding=\"async\" width=\"3751\" height=\"2251\" src=\"https:\/\/aznais.com\/wp-content\/uploads\/2022\/10\/Prancheta-10.png\" class=\"elementor-animation-grow attachment-full size-full wp-image-3668\" alt=\"\" srcset=\"https:\/\/aznais.com\/wp-content\/uploads\/2022\/10\/Prancheta-10.png 3751w, https:\/\/aznais.com\/wp-content\/uploads\/2022\/10\/Prancheta-10-600x360.png 600w, https:\/\/aznais.com\/wp-content\/uploads\/2022\/10\/Prancheta-10-300x180.png 300w, https:\/\/aznais.com\/wp-content\/uploads\/2022\/10\/Prancheta-10-1024x615.png 1024w, https:\/\/aznais.com\/wp-content\/uploads\/2022\/10\/Prancheta-10-768x461.png 768w, https:\/\/aznais.com\/wp-content\/uploads\/2022\/10\/Prancheta-10-1536x922.png 1536w, https:\/\/aznais.com\/wp-content\/uploads\/2022\/10\/Prancheta-10-2048x1229.png 2048w, https:\/\/aznais.com\/wp-content\/uploads\/2022\/10\/Prancheta-10-1080x648.png 1080w, https:\/\/aznais.com\/wp-content\/uploads\/2022\/10\/Prancheta-10-1280x768.png 1280w, https:\/\/aznais.com\/wp-content\/uploads\/2022\/10\/Prancheta-10-980x588.png 980w, https:\/\/aznais.com\/wp-content\/uploads\/2022\/10\/Prancheta-10-480x288.png 480w, https:\/\/aznais.com\/wp-content\/uploads\/2022\/10\/Prancheta-10-1320x792.png 1320w\" sizes=\"(max-width: 3751px) 100vw, 3751px\" \/>\t\t\t\t\t\t\t\t<\/a>\n\t\t\t\t\t\t\t\t\t\t\t\t\t\t\t<\/div>\n\t\t\t\t<\/div>\n\t\t\t\t<div class=\"elementor-element elementor-element-33f86cb elementor-widget elementor-widget-heading\" data-id=\"33f86cb\" data-element_type=\"widget\" data-widget_type=\"heading.default\">\n\t\t\t\t<div class=\"elementor-widget-container\">\n\t\t\t\t\t<h2 class=\"elementor-heading-title elementor-size-default\">ALGUMAS CONSIDERA\u00c7\u00d5ES<\/h2>\t\t\t\t<\/div>\n\t\t\t\t<\/div>\n\t\t\t\t<div class=\"elementor-element elementor-element-1510cc7 elementor-widget elementor-widget-text-editor\" data-id=\"1510cc7\" data-element_type=\"widget\" data-widget_type=\"text-editor.default\">\n\t\t\t\t<div class=\"elementor-widget-container\">\n\t\t\t\t\t\t\t\t\t<p>1. \u00c9 garantido sig\u00edlo absoluto sobre a identidade do cliente ou qualquer outra informa\u00e7\u00e3o obtida na consulta. <br \/>2. As consultas s\u00e3o destinadas a maiores de 18 anos.<\/p>\t\t\t\t\t\t\t\t<\/div>\n\t\t\t\t<\/div>\n\t\t\t\t\t<\/div>\n\t\t<\/div>\n\t\t\t\t\t<\/div>\n\t\t<\/section>\n\t\t\t\t<\/div>\n\t\t","protected":false},"excerpt":{"rendered":"<p>HIPNOSE CL\u00cdNICA Quantas vezes nas nossas viv\u00eancias di\u00e1rias nos vemos limitados por fobias, v\u00edcios e falta de confian\u00e7a que n\u00e3o conseguimos explicar? Muitas vezes os epis\u00f3dios traum\u00e1ticos causadores destes bloqueios encontram-se na nossa mente inconsciente. A Hipnoterapia convida-nos a viajar at\u00e9 eles atrav\u00e9s de um ambiente tranquilo e seguro e ajuda-nos a lidar com eles. [&hellip;]<\/p>\n","protected":false},"author":2,"featured_media":0,"parent":0,"menu_order":0,"comment_status":"closed","ping_status":"closed","template":"elementor_header_footer","meta":{"_joinchat":[],"footnotes":""},"class_list":["post-2356","page","type-page","status-publish","hentry"],"jetpack_sharing_enabled":true,"_links":{"self":[{"href":"https:\/\/aznais.com\/en\/wp-json\/wp\/v2\/pages\/2356","targetHints":{"allow":["GET"]}}],"collection":[{"href":"https:\/\/aznais.com\/en\/wp-json\/wp\/v2\/pages"}],"about":[{"href":"https:\/\/aznais.com\/en\/wp-json\/wp\/v2\/types\/page"}],"author":[{"embeddable":true,"href":"https:\/\/aznais.com\/en\/wp-json\/wp\/v2\/users\/2"}],"replies":[{"embeddable":true,"href":"https:\/\/aznais.com\/en\/wp-json\/wp\/v2\/comments?post=2356"}],"version-history":[{"count":3,"href":"https:\/\/aznais.com\/en\/wp-json\/wp\/v2\/pages\/2356\/revisions"}],"predecessor-version":[{"id":5083,"href":"https:\/\/aznais.com\/en\/wp-json\/wp\/v2\/pages\/2356\/revisions\/5083"}],"wp:attachment":[{"href":"https:\/\/aznais.com\/en\/wp-json\/wp\/v2\/media?parent=2356"}],"curies":[{"name":"wp","href":"https:\/\/api.w.org\/{rel}","templated":true}]}}