{"id":3950,"date":"2022-10-27T08:21:44","date_gmt":"2022-10-27T08:21:44","guid":{"rendered":"https:\/\/aznais.com\/?page_id=3950"},"modified":"2023-02-08T12:16:18","modified_gmt":"2023-02-08T12:16:18","slug":"reflexologia","status":"publish","type":"page","link":"https:\/\/aznais.com\/en\/reflexologia\/","title":{"rendered":"Reflexologia"},"content":{"rendered":"<div data-elementor-type=\"wp-page\" data-elementor-id=\"3950\" class=\"elementor elementor-3950\" data-elementor-post-type=\"page\">\n\t\t\t\t\t\t<section class=\"elementor-section elementor-top-section elementor-element elementor-element-427085f elementor-section-boxed elementor-section-height-default elementor-section-height-default\" data-id=\"427085f\" data-element_type=\"section\" data-settings=\"{&quot;background_background&quot;:&quot;classic&quot;}\">\n\t\t\t\t\t\t<div class=\"elementor-container elementor-column-gap-default\">\n\t\t\t\t\t<div class=\"elementor-column elementor-col-100 elementor-top-column elementor-element elementor-element-e207e97\" data-id=\"e207e97\" data-element_type=\"column\">\n\t\t\t<div class=\"elementor-widget-wrap elementor-element-populated\">\n\t\t\t\t\t\t<div class=\"elementor-element elementor-element-9d63d74 elementor-widget elementor-widget-heading\" data-id=\"9d63d74\" data-element_type=\"widget\" data-widget_type=\"heading.default\">\n\t\t\t\t<div class=\"elementor-widget-container\">\n\t\t\t\t\t<h2 class=\"elementor-heading-title elementor-size-default\">REFLEXOLOGIA<\/h2>\t\t\t\t<\/div>\n\t\t\t\t<\/div>\n\t\t\t\t\t<\/div>\n\t\t<\/div>\n\t\t\t\t\t<\/div>\n\t\t<\/section>\n\t\t\t\t<section class=\"elementor-section elementor-top-section elementor-element elementor-element-6dc1b67 elementor-section-boxed elementor-section-height-default elementor-section-height-default\" data-id=\"6dc1b67\" data-element_type=\"section\" data-settings=\"{&quot;background_background&quot;:&quot;classic&quot;}\">\n\t\t\t\t\t\t<div class=\"elementor-container elementor-column-gap-default\">\n\t\t\t\t\t<div class=\"elementor-column elementor-col-100 elementor-top-column elementor-element elementor-element-38eaf15\" data-id=\"38eaf15\" data-element_type=\"column\">\n\t\t\t<div class=\"elementor-widget-wrap elementor-element-populated\">\n\t\t\t\t\t\t<div class=\"elementor-element elementor-element-f8ec8a7 elementor-widget elementor-widget-heading\" data-id=\"f8ec8a7\" data-element_type=\"widget\" data-widget_type=\"heading.default\">\n\t\t\t\t<div class=\"elementor-widget-container\">\n\t\t\t\t\t<h2 class=\"elementor-heading-title elementor-size-default\">A reflexologia \u00e9 uma t\u00e9cnica milenar com origens orientais que auxilia o Ser a equilibrar a energia do corpo e a evitar o surgimento de doen\u00e7as e problemas de sa\u00fade, atrav\u00e9s da aplica\u00e7\u00e3o de press\u00e3o em zonas reflexas, como os p\u00e9s, as m\u00e3os e as orelhas. \n<br><br>\nEste tipo de terapia complementar consiste em identificar pontos de desequil\u00edbrio de energia que, depois de encontrados, s\u00e3o estimulados atrav\u00e9s de massagem, impulsionando os processos curativos naturais do local afetado. Cada ponto corresponde a um grupo de \u00f3rg\u00e3os ou sistemas do organismo humano.\n<br><br>\nA base da reflexologia \u00e9 o favorecimento do processo de autocura e a cria\u00e7\u00e3o de condi\u00e7\u00f5es para que os processos internos de autorregula\u00e7\u00e3o do organismo funcionem e, por isso, esta t\u00e9cnica \u00e9 reconhecida pelo seu impacto na sa\u00fade geral do Ser. \n<br><br>\nA reflexologia encontra-se indicada na preven\u00e7\u00e3o e tratamento de doen\u00e7as e condi\u00e7\u00f5es de sa\u00fade como:\n<br>- Ins\u00f3nia, stress e depress\u00e3o;\n<br>- Melhoria da circula\u00e7\u00e3o sangu\u00ednea e da drenagem linf\u00e1tica;\n<br>- Fortalecimento dos sistemas imunit\u00e1rio e nervoso;\n<br>- Relaxamento profundo;\n<br>- Redu\u00e7\u00e3o da dor cr\u00f3nica, enxaqueca e dores de costas;\n<br>- Problemas hormonais;\n<br>- Pris\u00e3o de ventre.<\/h2>\t\t\t\t<\/div>\n\t\t\t\t<\/div>\n\t\t\t\t\t<\/div>\n\t\t<\/div>\n\t\t\t\t\t<\/div>\n\t\t<\/section>\n\t\t\t\t<section class=\"elementor-section elementor-top-section elementor-element elementor-element-185fcb8 elementor-section-boxed elementor-section-height-default elementor-section-height-default\" data-id=\"185fcb8\" data-element_type=\"section\" data-settings=\"{&quot;background_background&quot;:&quot;classic&quot;}\">\n\t\t\t\t\t\t<div class=\"elementor-container elementor-column-gap-default\">\n\t\t\t\t\t<div class=\"elementor-column elementor-col-100 elementor-top-column elementor-element elementor-element-450a788\" data-id=\"450a788\" data-element_type=\"column\">\n\t\t\t<div class=\"elementor-widget-wrap elementor-element-populated\">\n\t\t\t\t\t\t<div class=\"elementor-element elementor-element-31c9b4d elementor-widget elementor-widget-image\" data-id=\"31c9b4d\" data-element_type=\"widget\" data-widget_type=\"image.default\">\n\t\t\t\t<div class=\"elementor-widget-container\">\n\t\t\t\t\t\t\t\t\t\t\t\t\t\t\t\t<a href=\"https:\/\/buk.pt\/aznais\">\n\t\t\t\t\t\t\t<img fetchpriority=\"high\" decoding=\"async\" width=\"3751\" height=\"2251\" src=\"https:\/\/aznais.com\/wp-content\/uploads\/2022\/10\/Prancheta-10.png\" class=\"elementor-animation-grow attachment-full size-full wp-image-3668\" alt=\"\" srcset=\"https:\/\/aznais.com\/wp-content\/uploads\/2022\/10\/Prancheta-10.png 3751w, https:\/\/aznais.com\/wp-content\/uploads\/2022\/10\/Prancheta-10-600x360.png 600w, https:\/\/aznais.com\/wp-content\/uploads\/2022\/10\/Prancheta-10-300x180.png 300w, https:\/\/aznais.com\/wp-content\/uploads\/2022\/10\/Prancheta-10-1024x615.png 1024w, https:\/\/aznais.com\/wp-content\/uploads\/2022\/10\/Prancheta-10-768x461.png 768w, https:\/\/aznais.com\/wp-content\/uploads\/2022\/10\/Prancheta-10-1536x922.png 1536w, https:\/\/aznais.com\/wp-content\/uploads\/2022\/10\/Prancheta-10-2048x1229.png 2048w, https:\/\/aznais.com\/wp-content\/uploads\/2022\/10\/Prancheta-10-1080x648.png 1080w, https:\/\/aznais.com\/wp-content\/uploads\/2022\/10\/Prancheta-10-1280x768.png 1280w, https:\/\/aznais.com\/wp-content\/uploads\/2022\/10\/Prancheta-10-980x588.png 980w, https:\/\/aznais.com\/wp-content\/uploads\/2022\/10\/Prancheta-10-480x288.png 480w, https:\/\/aznais.com\/wp-content\/uploads\/2022\/10\/Prancheta-10-1320x792.png 1320w\" sizes=\"(max-width: 3751px) 100vw, 3751px\" \/>\t\t\t\t\t\t\t\t<\/a>\n\t\t\t\t\t\t\t\t\t\t\t\t\t\t\t<\/div>\n\t\t\t\t<\/div>\n\t\t\t\t<div class=\"elementor-element elementor-element-b1d3311 elementor-widget elementor-widget-heading\" data-id=\"b1d3311\" data-element_type=\"widget\" data-widget_type=\"heading.default\">\n\t\t\t\t<div class=\"elementor-widget-container\">\n\t\t\t\t\t<h2 class=\"elementor-heading-title elementor-size-default\">ALGUMAS CONSIDERA\u00c7\u00d5ES<\/h2>\t\t\t\t<\/div>\n\t\t\t\t<\/div>\n\t\t\t\t<div class=\"elementor-element elementor-element-12c4faa elementor-widget elementor-widget-text-editor\" data-id=\"12c4faa\" data-element_type=\"widget\" data-widget_type=\"text-editor.default\">\n\t\t\t\t<div class=\"elementor-widget-container\">\n\t\t\t\t\t\t\t\t\t<p>1. \u00c9 garantido sig\u00edlo absoluto sobre a identidade do cliente ou qualquer outra informa\u00e7\u00e3o obtida na consulta. <br \/>2. As consultas s\u00e3o destinadas a maiores de 18 anos.<\/p>\t\t\t\t\t\t\t\t<\/div>\n\t\t\t\t<\/div>\n\t\t\t\t\t<\/div>\n\t\t<\/div>\n\t\t\t\t\t<\/div>\n\t\t<\/section>\n\t\t\t\t<\/div>","protected":false},"excerpt":{"rendered":"<p>REFLEXOLOGIA A reflexologia \u00e9 uma t\u00e9cnica milenar com origens orientais que auxilia o Ser a equilibrar a energia do corpo e a evitar o surgimento de doen\u00e7as e problemas de sa\u00fade, atrav\u00e9s da aplica\u00e7\u00e3o de press\u00e3o em zonas reflexas, como os p\u00e9s, as m\u00e3os e as orelhas. Este tipo de terapia complementar consiste em identificar [&hellip;]<\/p>\n","protected":false},"author":2,"featured_media":0,"parent":0,"menu_order":0,"comment_status":"closed","ping_status":"closed","template":"elementor_header_footer","meta":{"_joinchat":[],"footnotes":""},"class_list":["post-3950","page","type-page","status-publish","hentry"],"jetpack_sharing_enabled":true,"_links":{"self":[{"href":"https:\/\/aznais.com\/en\/wp-json\/wp\/v2\/pages\/3950","targetHints":{"allow":["GET"]}}],"collection":[{"href":"https:\/\/aznais.com\/en\/wp-json\/wp\/v2\/pages"}],"about":[{"href":"https:\/\/aznais.com\/en\/wp-json\/wp\/v2\/types\/page"}],"author":[{"embeddable":true,"href":"https:\/\/aznais.com\/en\/wp-json\/wp\/v2\/users\/2"}],"replies":[{"embeddable":true,"href":"https:\/\/aznais.com\/en\/wp-json\/wp\/v2\/comments?post=3950"}],"version-history":[{"count":3,"href":"https:\/\/aznais.com\/en\/wp-json\/wp\/v2\/pages\/3950\/revisions"}],"predecessor-version":[{"id":5092,"href":"https:\/\/aznais.com\/en\/wp-json\/wp\/v2\/pages\/3950\/revisions\/5092"}],"wp:attachment":[{"href":"https:\/\/aznais.com\/en\/wp-json\/wp\/v2\/media?parent=3950"}],"curies":[{"name":"wp","href":"https:\/\/api.w.org\/{rel}","templated":true}]}}