{"id":10809,"date":"2025-03-26T20:35:38","date_gmt":"2025-03-26T20:35:38","guid":{"rendered":"https:\/\/aznais.com\/?post_type=product&#038;p=10809"},"modified":"2026-02-23T21:03:46","modified_gmt":"2026-02-23T21:03:46","slug":"pulseira-hematita-cantos-redondos","status":"publish","type":"product","link":"https:\/\/aznais.com\/en\/product\/pulseira-hematita-cantos-redondos\/","title":{"rendered":"Pulsera Magn\u00e9tica Shamballa de Hematita &#8211; Esquinas Redondeadas"},"content":{"rendered":"<p>&iexcl;Esta&nbsp;Pulsera Magn&eacute;tica Shamballa de Hematita de Esquinas Redondeadas es la fusi&oacute;n perfecta entre espiritualidad y estilo!&nbsp;Combinando el estilo tradicional de las pulseras de macram&eacute; Budistas Tibetanas con el magnetismo de la Hematita, a la que desde la antig&uuml;edad se le atribuye la propiedad de proteger y armonizar mente, cuerpo y esp&iacute;ritu.La pulseras son unisex, talla &uacute;nica, vienen en Macram&eacute; con un nudo corredizo para ajustar de forma c&oacute;moda a todas las mu&ntilde;ecas, y tienen Hematitas talladas con las esquinas redondeadas engarzadas en diferentes motivos y estilos, algunos de ellos combinados con Piedras de Poder.&iexcl;A&ntilde;adelas ya a tu cat&aacute;logo y proporciona a tus clientes la posibilidad de llegar a Shamballa con estilo!<\/p>","protected":false},"excerpt":{"rendered":"<p>Feita com contas de hematita de cantos arredondados, esta pulseira combina eleg\u00e2ncia e energia. A hematita \u00e9 conhecida por promover o equil\u00edbrio, a prote\u00e7\u00e3o e a estabilidade emocional.<\/p>\n<p>Com um design moderno e vers\u00e1til, adapta-se a qualquer estilo, proporcionando bem-estar e um toque sofisticado ao seu dia a dia.<\/p>","protected":false},"featured_media":10810,"comment_status":"open","ping_status":"closed","template":"","meta":{"_joinchat":[]},"product_brand":[],"product_cat":[278],"product_tag":[291],"class_list":{"0":"post-10809","1":"product","2":"type-product","3":"status-publish","4":"has-post-thumbnail","6":"product_cat-bijuteria-energetica","7":"product_tag-pulseiras","9":"first","10":"instock","11":"taxable","12":"shipping-taxable","13":"purchasable","14":"product-type-simple"},"jetpack_sharing_enabled":true,"_links":{"self":[{"href":"https:\/\/aznais.com\/en\/wp-json\/wp\/v2\/product\/10809","targetHints":{"allow":["GET"]}}],"collection":[{"href":"https:\/\/aznais.com\/en\/wp-json\/wp\/v2\/product"}],"about":[{"href":"https:\/\/aznais.com\/en\/wp-json\/wp\/v2\/types\/product"}],"replies":[{"embeddable":true,"href":"https:\/\/aznais.com\/en\/wp-json\/wp\/v2\/comments?post=10809"}],"wp:featuredmedia":[{"embeddable":true,"href":"https:\/\/aznais.com\/en\/wp-json\/wp\/v2\/media\/10810"}],"wp:attachment":[{"href":"https:\/\/aznais.com\/en\/wp-json\/wp\/v2\/media?parent=10809"}],"wp:term":[{"taxonomy":"product_brand","embeddable":true,"href":"https:\/\/aznais.com\/en\/wp-json\/wp\/v2\/product_brand?post=10809"},{"taxonomy":"product_cat","embeddable":true,"href":"https:\/\/aznais.com\/en\/wp-json\/wp\/v2\/product_cat?post=10809"},{"taxonomy":"product_tag","embeddable":true,"href":"https:\/\/aznais.com\/en\/wp-json\/wp\/v2\/product_tag?post=10809"}],"curies":[{"name":"wp","href":"https:\/\/api.w.org\/{rel}","templated":true}]}}