{"id":2389,"date":"2022-01-05T10:20:17","date_gmt":"2022-01-05T10:20:17","guid":{"rendered":"https:\/\/aznais.com\/?page_id=2389"},"modified":"2022-05-27T15:55:01","modified_gmt":"2022-05-27T15:55:01","slug":"massagem-relaxamento","status":"publish","type":"page","link":"https:\/\/aznais.com\/pt\/massagem-relaxamento\/","title":{"rendered":"Massagem Relaxamento"},"content":{"rendered":"\t\t<div data-elementor-type=\"wp-page\" data-elementor-id=\"2389\" class=\"elementor elementor-2389\" data-elementor-post-type=\"page\">\n\t\t\t\t\t\t<section class=\"elementor-section elementor-top-section elementor-element elementor-element-ec5df1f elementor-section-boxed elementor-section-height-default elementor-section-height-default\" data-id=\"ec5df1f\" data-element_type=\"section\" data-settings=\"{&quot;background_background&quot;:&quot;classic&quot;}\">\n\t\t\t\t\t\t<div class=\"elementor-container elementor-column-gap-default\">\n\t\t\t\t\t<div class=\"elementor-column elementor-col-100 elementor-top-column elementor-element elementor-element-a7b115b\" data-id=\"a7b115b\" data-element_type=\"column\">\n\t\t\t<div class=\"elementor-widget-wrap elementor-element-populated\">\n\t\t\t\t\t\t<div class=\"elementor-element elementor-element-4cc30cc elementor-widget elementor-widget-image\" data-id=\"4cc30cc\" data-element_type=\"widget\" data-widget_type=\"image.default\">\n\t\t\t\t<div class=\"elementor-widget-container\">\n\t\t\t\t\t\t\t\t\t\t\t\t\t\t\t<img fetchpriority=\"high\" decoding=\"async\" width=\"2500\" height=\"1008\" src=\"https:\/\/aznais.com\/wp-content\/uploads\/2021\/11\/0Artboard-8.png\" class=\"attachment-full size-full wp-image-2066\" alt=\"\" srcset=\"https:\/\/aznais.com\/wp-content\/uploads\/2021\/11\/0Artboard-8.png 2500w, https:\/\/aznais.com\/wp-content\/uploads\/2021\/11\/0Artboard-8-600x242.png 600w, https:\/\/aznais.com\/wp-content\/uploads\/2021\/11\/0Artboard-8-300x121.png 300w, https:\/\/aznais.com\/wp-content\/uploads\/2021\/11\/0Artboard-8-1024x413.png 1024w, https:\/\/aznais.com\/wp-content\/uploads\/2021\/11\/0Artboard-8-768x310.png 768w, https:\/\/aznais.com\/wp-content\/uploads\/2021\/11\/0Artboard-8-1536x619.png 1536w, https:\/\/aznais.com\/wp-content\/uploads\/2021\/11\/0Artboard-8-2048x826.png 2048w, https:\/\/aznais.com\/wp-content\/uploads\/2021\/11\/0Artboard-8-1080x435.png 1080w, https:\/\/aznais.com\/wp-content\/uploads\/2021\/11\/0Artboard-8-1280x516.png 1280w, https:\/\/aznais.com\/wp-content\/uploads\/2021\/11\/0Artboard-8-980x395.png 980w, https:\/\/aznais.com\/wp-content\/uploads\/2021\/11\/0Artboard-8-480x194.png 480w\" sizes=\"(max-width: 2500px) 100vw, 2500px\" \/>\t\t\t\t\t\t\t\t\t\t\t\t\t\t\t<\/div>\n\t\t\t\t<\/div>\n\t\t\t\t<div class=\"elementor-element elementor-element-cab976a elementor-widget elementor-widget-heading\" data-id=\"cab976a\" data-element_type=\"widget\" data-widget_type=\"heading.default\">\n\t\t\t\t<div class=\"elementor-widget-container\">\n\t\t\t\t\t<h2 class=\"elementor-heading-title elementor-size-default\">MASSAGEM RELAXAMENTO\n<\/h2>\t\t\t\t<\/div>\n\t\t\t\t<\/div>\n\t\t\t\t\t<\/div>\n\t\t<\/div>\n\t\t\t\t\t<\/div>\n\t\t<\/section>\n\t\t\t\t<section class=\"elementor-section elementor-top-section elementor-element elementor-element-c8dfb34 elementor-section-boxed elementor-section-height-default elementor-section-height-default\" data-id=\"c8dfb34\" data-element_type=\"section\">\n\t\t\t\t\t\t<div class=\"elementor-container elementor-column-gap-default\">\n\t\t\t\t\t<div class=\"elementor-column elementor-col-100 elementor-top-column elementor-element elementor-element-5ed8a3c8\" data-id=\"5ed8a3c8\" data-element_type=\"column\">\n\t\t\t<div class=\"elementor-widget-wrap elementor-element-populated\">\n\t\t\t\t\t\t<div class=\"elementor-element elementor-element-72413209 elementor-widget elementor-widget-text-editor\" data-id=\"72413209\" data-element_type=\"widget\" data-widget_type=\"text-editor.default\">\n\t\t\t\t<div class=\"elementor-widget-container\">\n\t\t\t\t\t\t\t\t\t\t\t\t\t\t\t\t\t<\/div>\n\t\t\t\t<\/div>\n\t\t\t\t\t<\/div>\n\t\t<\/div>\n\t\t\t\t\t<\/div>\n\t\t<\/section>\n\t\t\t\t<section class=\"elementor-section elementor-top-section elementor-element elementor-element-444af81 elementor-section-boxed elementor-section-height-default elementor-section-height-default\" data-id=\"444af81\" data-element_type=\"section\">\n\t\t\t\t\t\t<div class=\"elementor-container elementor-column-gap-default\">\n\t\t\t\t\t<div class=\"elementor-column elementor-col-66 elementor-top-column elementor-element elementor-element-48a20da\" data-id=\"48a20da\" data-element_type=\"column\">\n\t\t\t<div class=\"elementor-widget-wrap elementor-element-populated\">\n\t\t\t\t\t\t<div class=\"elementor-element elementor-element-f404fdd elementor-widget elementor-widget-heading\" data-id=\"f404fdd\" data-element_type=\"widget\" data-widget_type=\"heading.default\">\n\t\t\t\t<div class=\"elementor-widget-container\">\n\t\t\t\t\t<h2 class=\"elementor-heading-title elementor-size-default\">MASSAGEM DE\nRELAXAMENTO <br> COM\nAROMATERAPIA<\/h2>\t\t\t\t<\/div>\n\t\t\t\t<\/div>\n\t\t\t\t<div class=\"elementor-element elementor-element-d443444 elementor-widget elementor-widget-heading\" data-id=\"d443444\" data-element_type=\"widget\" data-widget_type=\"heading.default\">\n\t\t\t\t<div class=\"elementor-widget-container\">\n\t\t\t\t\t<h2 class=\"elementor-heading-title elementor-size-default\">Corpo inteiro - 30\u20ac\n<br>\nPARTE SUPERIOR DO CORPO - 20\u20ac<\/h2>\t\t\t\t<\/div>\n\t\t\t\t<\/div>\n\t\t\t\t<div class=\"elementor-element elementor-element-df9042a elementor-widget elementor-widget-heading\" data-id=\"df9042a\" data-element_type=\"widget\" data-widget_type=\"heading.default\">\n\t\t\t\t<div class=\"elementor-widget-container\">\n\t\t\t\t\t<h2 class=\"elementor-heading-title elementor-size-default\"><b>Massagem com aromaterapia:<\/b> <br>\n- Utiliza\u00e7\u00e3o de \u00f3leos essenciais para tratamento de transtornos e doen\u00e7as;<br>\n- Influencia as emo\u00e7\u00f5es e o estado nervoso, atrav\u00e9s da estimula\u00e7\u00e3o do sistema l\u00edmbico, e tamb\u00e9m a mem\u00f3ria, aprendizagem, hormonas, prazer...<br>\nAtua ao n\u00edvel f\u00edsico, mental e emocional.\n<br><br>\n\n<b>Propriedades naturais dos \u00f3leos essenciais:<\/b><br>\n- Anti-s\u00e9pticos naturais;<br>\n- Antibi\u00f3ticos naturais (regenerador e estimulante do Sistema Linf\u00e1tico);<br>\n- Grande penetrabilidade cut\u00e2nea.\n<br><br>\n<b>Aromaterapia -<\/b> Utiliza\u00e7\u00e3o de \u00f3leos essenciais para tratamento de transtornos e doen\u00e7as\nInfluencia as emo\u00e7\u00f5es e o estado nervoso, atrav\u00e9s da estimula\u00e7\u00e3o do sistema l\u00edmbico, e tamb\u00e9m a mem\u00f3ria, aprendizagem, hormonas, prazer...\nAtua ao n\u00edvel f\u00edsico, mental e emocional.\n<br><br>\n<b>Precau\u00e7\u00f5es de utiliza\u00e7\u00e3o:<\/b><br>\n- Altamente inflam\u00e1veis;<br>\n- N\u00e3o utilizar em gr\u00e1vidas;<br>\n- Utilizar com precau\u00e7\u00e3o em pessoas sens\u00edveis.\n<br><br>\nAtua\u00e7\u00e3o no Hipot\u00e1lamo e Sistema L\u00edmbico (capacidade de despertar Emo\u00e7\u00f5es\/Mem\u00f3rias  Corpo Emocional) <br><br>\nPH \u00e1cido (pH de pele saud\u00e1vel \u00e9 \u00e1cido)\n<br><br>\n\nVia de aplica\u00e7\u00e3o: Cut\u00e2nea: absor\u00e7\u00e3o pelas Mucosas (dilu\u00eddo em \u00f3leo), atrav\u00e9s da aplica\u00e7\u00e3o de compressas ex. Ess\u00eancia de Cravo (\u00f3timo para a pele e rugas); tratamentos est\u00e9ticos (massagem); regenera\u00e7\u00e3o da pele (atrav\u00e9s de princ\u00edpios ativos org\u00e2nicos;\n\n\n\n\n<\/h2>\t\t\t\t<\/div>\n\t\t\t\t<\/div>\n\t\t\t\t\t<\/div>\n\t\t<\/div>\n\t\t\t\t<div class=\"elementor-column elementor-col-33 elementor-top-column elementor-element elementor-element-c635e88\" data-id=\"c635e88\" data-element_type=\"column\">\n\t\t\t<div class=\"elementor-widget-wrap elementor-element-populated\">\n\t\t\t\t\t\t<div class=\"elementor-element elementor-element-0c06da1 elementor-invisible elementor-widget elementor-widget-image\" data-id=\"0c06da1\" data-element_type=\"widget\" data-settings=\"{&quot;_animation&quot;:&quot;zoomIn&quot;}\" data-widget_type=\"image.default\">\n\t\t\t\t<div class=\"elementor-widget-container\">\n\t\t\t\t\t\t\t\t\t\t\t\t\t\t\t<img decoding=\"async\" width=\"1709\" height=\"2560\" src=\"https:\/\/aznais.com\/wp-content\/uploads\/2022\/03\/088-scaled.jpg\" class=\"attachment-full size-full wp-image-2627\" alt=\"\" srcset=\"https:\/\/aznais.com\/wp-content\/uploads\/2022\/03\/088-scaled.jpg 1709w, https:\/\/aznais.com\/wp-content\/uploads\/2022\/03\/088-scaled-600x899.jpg 600w, https:\/\/aznais.com\/wp-content\/uploads\/2022\/03\/088-200x300.jpg 200w, https:\/\/aznais.com\/wp-content\/uploads\/2022\/03\/088-684x1024.jpg 684w, https:\/\/aznais.com\/wp-content\/uploads\/2022\/03\/088-768x1150.jpg 768w, https:\/\/aznais.com\/wp-content\/uploads\/2022\/03\/088-1026x1536.jpg 1026w, https:\/\/aznais.com\/wp-content\/uploads\/2022\/03\/088-1367x2048.jpg 1367w, https:\/\/aznais.com\/wp-content\/uploads\/2022\/03\/088-1080x1618.jpg 1080w, https:\/\/aznais.com\/wp-content\/uploads\/2022\/03\/088-1280x1917.jpg 1280w, https:\/\/aznais.com\/wp-content\/uploads\/2022\/03\/088-980x1468.jpg 980w, https:\/\/aznais.com\/wp-content\/uploads\/2022\/03\/088-480x719.jpg 480w\" sizes=\"(max-width: 1709px) 100vw, 1709px\" \/>\t\t\t\t\t\t\t\t\t\t\t\t\t\t\t<\/div>\n\t\t\t\t<\/div>\n\t\t\t\t\t<\/div>\n\t\t<\/div>\n\t\t\t\t\t<\/div>\n\t\t<\/section>\n\t\t\t\t<section class=\"elementor-section elementor-top-section elementor-element elementor-element-3250a4f elementor-section-boxed elementor-section-height-default elementor-section-height-default\" data-id=\"3250a4f\" data-element_type=\"section\" data-settings=\"{&quot;background_background&quot;:&quot;classic&quot;}\">\n\t\t\t\t\t\t<div class=\"elementor-container elementor-column-gap-default\">\n\t\t\t\t\t<div class=\"elementor-column elementor-col-33 elementor-top-column elementor-element elementor-element-7b8eb8b\" data-id=\"7b8eb8b\" data-element_type=\"column\">\n\t\t\t<div class=\"elementor-widget-wrap elementor-element-populated\">\n\t\t\t\t\t\t<div class=\"elementor-element elementor-element-ee46772 elementor-invisible elementor-widget elementor-widget-image\" data-id=\"ee46772\" data-element_type=\"widget\" data-settings=\"{&quot;_animation&quot;:&quot;zoomIn&quot;}\" data-widget_type=\"image.default\">\n\t\t\t\t<div class=\"elementor-widget-container\">\n\t\t\t\t\t\t\t\t\t\t\t\t\t\t\t<img decoding=\"async\" width=\"1709\" height=\"2560\" src=\"https:\/\/aznais.com\/wp-content\/uploads\/2022\/03\/107-scaled.jpg\" class=\"attachment-full size-full wp-image-2634\" alt=\"\" srcset=\"https:\/\/aznais.com\/wp-content\/uploads\/2022\/03\/107-scaled.jpg 1709w, https:\/\/aznais.com\/wp-content\/uploads\/2022\/03\/107-scaled-600x899.jpg 600w, https:\/\/aznais.com\/wp-content\/uploads\/2022\/03\/107-200x300.jpg 200w, https:\/\/aznais.com\/wp-content\/uploads\/2022\/03\/107-684x1024.jpg 684w, https:\/\/aznais.com\/wp-content\/uploads\/2022\/03\/107-768x1150.jpg 768w, https:\/\/aznais.com\/wp-content\/uploads\/2022\/03\/107-1026x1536.jpg 1026w, https:\/\/aznais.com\/wp-content\/uploads\/2022\/03\/107-1367x2048.jpg 1367w, https:\/\/aznais.com\/wp-content\/uploads\/2022\/03\/107-1080x1618.jpg 1080w, https:\/\/aznais.com\/wp-content\/uploads\/2022\/03\/107-1280x1917.jpg 1280w, https:\/\/aznais.com\/wp-content\/uploads\/2022\/03\/107-980x1468.jpg 980w, https:\/\/aznais.com\/wp-content\/uploads\/2022\/03\/107-480x719.jpg 480w\" sizes=\"(max-width: 1709px) 100vw, 1709px\" \/>\t\t\t\t\t\t\t\t\t\t\t\t\t\t\t<\/div>\n\t\t\t\t<\/div>\n\t\t\t\t\t<\/div>\n\t\t<\/div>\n\t\t\t\t<div class=\"elementor-column elementor-col-66 elementor-top-column elementor-element elementor-element-dc708ac\" data-id=\"dc708ac\" data-element_type=\"column\">\n\t\t\t<div class=\"elementor-widget-wrap elementor-element-populated\">\n\t\t\t\t\t\t<div class=\"elementor-element elementor-element-67bdb5b elementor-widget elementor-widget-heading\" data-id=\"67bdb5b\" data-element_type=\"widget\" data-widget_type=\"heading.default\">\n\t\t\t\t<div class=\"elementor-widget-container\">\n\t\t\t\t\t<h2 class=\"elementor-heading-title elementor-size-default\">MASSAGEM DE\nRELAXAMENTO COM VELA<\/h2>\t\t\t\t<\/div>\n\t\t\t\t<\/div>\n\t\t\t\t<div class=\"elementor-element elementor-element-62420c9 elementor-widget elementor-widget-heading\" data-id=\"62420c9\" data-element_type=\"widget\" data-widget_type=\"heading.default\">\n\t\t\t\t<div class=\"elementor-widget-container\">\n\t\t\t\t\t<h2 class=\"elementor-heading-title elementor-size-default\">35\u20ac<\/h2>\t\t\t\t<\/div>\n\t\t\t\t<\/div>\n\t\t\t\t<div class=\"elementor-element elementor-element-42276c8 elementor-widget elementor-widget-heading\" data-id=\"42276c8\" data-element_type=\"widget\" data-widget_type=\"heading.default\">\n\t\t\t\t<div class=\"elementor-widget-container\">\n\t\t\t\t\t<h2 class=\"elementor-heading-title elementor-size-default\">Conseguimos juntar o conforto do crepitar do fogo da vela com a massagem de relaxamento, trazendo para a Aznais o melhor do Outono!\n<br><br>\nAs nossas velas de massagem s\u00e3o constitu\u00eddas por subst\u00e2ncias emolientes e nutritivas, associadas aos benef\u00edcios dos \u00f3leos essenciais.\n<br><br>\nPara al\u00e9m do relaxamento e bem-estar geral, a massagem com vela promove uma hidrata\u00e7\u00e3o profunda da pele, recuperando-a das agress\u00f5es a que fica sujeita no Ver\u00e3o.\n<br><br>\nAs velas de massagem s\u00e3o compostas por \u00f3leo vegetal s\u00f3lido, complementado com \u00f3leos essenciais. \n<br><br>\nA vela de massagem cria um ambiente perfumado e relaxante, complementando a massagem terap\u00eautica.\n<br><br>\nO \u00f3leo quente permite o relaxamento dos m\u00fasculos e potencia a sensa\u00e7\u00e3o de conforto durante a massagem. \n<br><br>\n<b>Benef\u00edcios:<br><\/b>\n- Relaxamento profundo;<br>\n- Al\u00edvio da tens\u00e3o;<br>\n-Reduz o stress e ansiedade;<br>\n-Reduz as caimbras;<br>\n-Previne as ins\u00f3nias;<br>\n-Benef\u00edcios dos \u00f3leos essenciais (aromaterapia);<br>\n<\/h2>\t\t\t\t<\/div>\n\t\t\t\t<\/div>\n\t\t\t\t\t<\/div>\n\t\t<\/div>\n\t\t\t\t\t<\/div>\n\t\t<\/section>\n\t\t\t\t<section class=\"elementor-section elementor-top-section elementor-element elementor-element-f274c66 elementor-section-boxed elementor-section-height-default elementor-section-height-default\" data-id=\"f274c66\" data-element_type=\"section\">\n\t\t\t\t\t\t<div class=\"elementor-container elementor-column-gap-default\">\n\t\t\t\t\t<div class=\"elementor-column elementor-col-66 elementor-top-column elementor-element elementor-element-08eafe5\" data-id=\"08eafe5\" data-element_type=\"column\">\n\t\t\t<div class=\"elementor-widget-wrap elementor-element-populated\">\n\t\t\t\t\t\t<div class=\"elementor-element elementor-element-3c6c257 elementor-widget elementor-widget-heading\" data-id=\"3c6c257\" data-element_type=\"widget\" data-widget_type=\"heading.default\">\n\t\t\t\t<div class=\"elementor-widget-container\">\n\t\t\t\t\t<h2 class=\"elementor-heading-title elementor-size-default\">MASSAGEM DE RELAXAMENTO\n<br> COM PINDAS SWEDA<\/h2>\t\t\t\t<\/div>\n\t\t\t\t<\/div>\n\t\t\t\t<div class=\"elementor-element elementor-element-9c6653c elementor-widget elementor-widget-heading\" data-id=\"9c6653c\" data-element_type=\"widget\" data-widget_type=\"heading.default\">\n\t\t\t\t<div class=\"elementor-widget-container\">\n\t\t\t\t\t<h2 class=\"elementor-heading-title elementor-size-default\">35\u20ac<\/h2>\t\t\t\t<\/div>\n\t\t\t\t<\/div>\n\t\t\t\t<div class=\"elementor-element elementor-element-8cd2d40 elementor-widget elementor-widget-heading\" data-id=\"8cd2d40\" data-element_type=\"widget\" data-widget_type=\"heading.default\">\n\t\t\t\t<div class=\"elementor-widget-container\">\n\t\t\t\t\t<h2 class=\"elementor-heading-title elementor-size-default\">A Massagem Terap\u00eautica com Pindas tem por base a medicina Ayurveda, combinando o relaxamento com efeito terap\u00eautico. \n<br><br>\nAs pindas, de algod\u00e3o org\u00e2nico e com ervas cuidadosamente selecionadas, aliadas \u00e0s t\u00e9cnicas de massagem de relaxamento, promovem o bem estar pleno, numa sinergia entre corpo, mente e alma.\n<br><br>\nA Massagem com Pindas Swedana \u00e9 uma terapia relaxante, com propriedades analg\u00e9sicas, anti-inflamat\u00f3rias e estimulantes.\n<br><br>\nAs Pindas s\u00e3o pequenas \u201ctrouxas\u201d de fibras naturais (linho ou algod\u00e3o) com ervas e plantasarom\u00e1ticas e medicinais.  Aquecidas em \u00f3leo de origem vegetal, fazem a descompress\u00e3odas energias retidas no nosso corpo, atrav\u00e9s do aroma e do toque.\n<br><br>\nO calor ajuda a diluir astoxinas para que sejam facilmente eliminadas, diminuindo a reten\u00e7\u00e3o de l\u00edquidos.\n<br><br>\nA Massagem com Pindas, para al\u00e9m do seu efeito de relaxamento, tem cariz terap\u00eautico,aliviando tens\u00f5es musculares e dores de costas.\n\n<\/h2>\t\t\t\t<\/div>\n\t\t\t\t<\/div>\n\t\t\t\t\t<\/div>\n\t\t<\/div>\n\t\t\t\t<div class=\"elementor-column elementor-col-33 elementor-top-column elementor-element elementor-element-d35da3d\" data-id=\"d35da3d\" data-element_type=\"column\">\n\t\t\t<div class=\"elementor-widget-wrap elementor-element-populated\">\n\t\t\t\t\t\t<div class=\"elementor-element elementor-element-f5b25ee elementor-invisible elementor-widget elementor-widget-image\" data-id=\"f5b25ee\" data-element_type=\"widget\" data-settings=\"{&quot;_animation&quot;:&quot;zoomIn&quot;}\" data-widget_type=\"image.default\">\n\t\t\t\t<div class=\"elementor-widget-container\">\n\t\t\t\t\t\t\t\t\t\t\t\t\t\t\t<img loading=\"lazy\" decoding=\"async\" width=\"2560\" height=\"1709\" src=\"https:\/\/aznais.com\/wp-content\/uploads\/2022\/03\/098-scaled.jpg\" class=\"attachment-full size-full wp-image-2631\" alt=\"\" srcset=\"https:\/\/aznais.com\/wp-content\/uploads\/2022\/03\/098-scaled.jpg 2560w, https:\/\/aznais.com\/wp-content\/uploads\/2022\/03\/098-scaled-600x401.jpg 600w, https:\/\/aznais.com\/wp-content\/uploads\/2022\/03\/098-300x200.jpg 300w, https:\/\/aznais.com\/wp-content\/uploads\/2022\/03\/098-1024x684.jpg 1024w, https:\/\/aznais.com\/wp-content\/uploads\/2022\/03\/098-768x513.jpg 768w, https:\/\/aznais.com\/wp-content\/uploads\/2022\/03\/098-1536x1026.jpg 1536w, https:\/\/aznais.com\/wp-content\/uploads\/2022\/03\/098-2048x1367.jpg 2048w, https:\/\/aznais.com\/wp-content\/uploads\/2022\/03\/098-1080x721.jpg 1080w, https:\/\/aznais.com\/wp-content\/uploads\/2022\/03\/098-1280x855.jpg 1280w, https:\/\/aznais.com\/wp-content\/uploads\/2022\/03\/098-980x654.jpg 980w, https:\/\/aznais.com\/wp-content\/uploads\/2022\/03\/098-480x320.jpg 480w\" sizes=\"(max-width: 2560px) 100vw, 2560px\" \/>\t\t\t\t\t\t\t\t\t\t\t\t\t\t\t<\/div>\n\t\t\t\t<\/div>\n\t\t\t\t\t<\/div>\n\t\t<\/div>\n\t\t\t\t\t<\/div>\n\t\t<\/section>\n\t\t\t\t<section class=\"elementor-section elementor-top-section elementor-element elementor-element-4deb42b elementor-section-boxed elementor-section-height-default elementor-section-height-default\" data-id=\"4deb42b\" data-element_type=\"section\" data-settings=\"{&quot;background_background&quot;:&quot;classic&quot;}\">\n\t\t\t\t\t\t<div class=\"elementor-container elementor-column-gap-default\">\n\t\t\t\t\t<div class=\"elementor-column elementor-col-33 elementor-top-column elementor-element elementor-element-0cd5978\" data-id=\"0cd5978\" data-element_type=\"column\">\n\t\t\t<div class=\"elementor-widget-wrap elementor-element-populated\">\n\t\t\t\t\t\t<div class=\"elementor-element elementor-element-bf5f1b4 elementor-invisible elementor-widget elementor-widget-image\" data-id=\"bf5f1b4\" data-element_type=\"widget\" data-settings=\"{&quot;_animation&quot;:&quot;zoomIn&quot;}\" data-widget_type=\"image.default\">\n\t\t\t\t<div class=\"elementor-widget-container\">\n\t\t\t\t\t\t\t\t\t\t\t\t\t\t\t<img loading=\"lazy\" decoding=\"async\" width=\"1709\" height=\"2560\" src=\"https:\/\/aznais.com\/wp-content\/uploads\/2022\/03\/091-scaled.jpg\" class=\"attachment-full size-full wp-image-2628\" alt=\"\" srcset=\"https:\/\/aznais.com\/wp-content\/uploads\/2022\/03\/091-scaled.jpg 1709w, https:\/\/aznais.com\/wp-content\/uploads\/2022\/03\/091-scaled-600x899.jpg 600w, https:\/\/aznais.com\/wp-content\/uploads\/2022\/03\/091-200x300.jpg 200w, https:\/\/aznais.com\/wp-content\/uploads\/2022\/03\/091-684x1024.jpg 684w, https:\/\/aznais.com\/wp-content\/uploads\/2022\/03\/091-768x1150.jpg 768w, https:\/\/aznais.com\/wp-content\/uploads\/2022\/03\/091-1026x1536.jpg 1026w, https:\/\/aznais.com\/wp-content\/uploads\/2022\/03\/091-1367x2048.jpg 1367w, https:\/\/aznais.com\/wp-content\/uploads\/2022\/03\/091-1080x1618.jpg 1080w, https:\/\/aznais.com\/wp-content\/uploads\/2022\/03\/091-1280x1917.jpg 1280w, https:\/\/aznais.com\/wp-content\/uploads\/2022\/03\/091-980x1468.jpg 980w, https:\/\/aznais.com\/wp-content\/uploads\/2022\/03\/091-480x719.jpg 480w\" sizes=\"(max-width: 1709px) 100vw, 1709px\" \/>\t\t\t\t\t\t\t\t\t\t\t\t\t\t\t<\/div>\n\t\t\t\t<\/div>\n\t\t\t\t\t<\/div>\n\t\t<\/div>\n\t\t\t\t<div class=\"elementor-column elementor-col-66 elementor-top-column elementor-element elementor-element-6dd9032\" data-id=\"6dd9032\" data-element_type=\"column\">\n\t\t\t<div class=\"elementor-widget-wrap elementor-element-populated\">\n\t\t\t\t\t\t<div class=\"elementor-element elementor-element-ebfa946 elementor-widget elementor-widget-heading\" data-id=\"ebfa946\" data-element_type=\"widget\" data-widget_type=\"heading.default\">\n\t\t\t\t<div class=\"elementor-widget-container\">\n\t\t\t\t\t<h2 class=\"elementor-heading-title elementor-size-default\">MASSAGEM DE RELAXAMENTO <br>\nCOM PEDRAS QUENTES<\/h2>\t\t\t\t<\/div>\n\t\t\t\t<\/div>\n\t\t\t\t<div class=\"elementor-element elementor-element-5bf5af6 elementor-widget elementor-widget-heading\" data-id=\"5bf5af6\" data-element_type=\"widget\" data-widget_type=\"heading.default\">\n\t\t\t\t<div class=\"elementor-widget-container\">\n\t\t\t\t\t<h2 class=\"elementor-heading-title elementor-size-default\">MASSAGEM TERAP\u00caUTICA (DOR) MASSAGEM TERAP\u00caUTICA (DOR)MASSAGEM TERAP\u00caUTICA (DOR)MASSAGEM TERAP\u00caUTICA (DOR)MASSAGEM TERAP\u00caUTICA (DOR)MASSAGEM TERAP\u00caUTICA (DOR)MASSAGEM TERAP\u00caUTICA (DOR)MASSAGEM TERAP\u00caUTICA (DOR)MASSAGEM TERAP\u00caUTICA (DOR)MASSAGEM TERAP\u00caUTICA (DOR)MASSAGEM TERAP\u00caUTICA (DOR)MASSAGEM TERAP\u00caUTICA (DOR)MASSAGEM TERAP\u00caUTICA (DOR)MASSAGEM TERAP\u00caUTICA (DOR)MASSAGEM TERAP\u00caUTICA (DOR)MASSAGEM TERAP\u00caUTICA (DOR)MASSAGEM TERAP\u00caUTICA (DOR)MASSAGEM TERAP\u00caUTICA (DOR)MASSAGEM TERAP\u00caUTICA (DOR)MASSAGEM TERAP\u00caUTICA (DOR)MASSAGEM TERAP\u00caUTICA (DOR)MASSAGEM TERAP\u00caUTICA (DOR)MASSAGEM TERAP\u00caUTICA (DOR)MASSAGEM TERAP\u00caUTICA (DOR)MASSAGEM TERAP\u00caUTICA (DOR)MASSAGEM TERAP\u00caUTICA (DOR)MASSAGEM TERAP\u00caUTICA (DOR)MASSAGEM TERAP\u00caUTICA (DOR)MASSAGEM TERAP\u00caUTICA (DOR)MASSAGEM TERAP\u00caUTICA (DOR)<\/h2>\t\t\t\t<\/div>\n\t\t\t\t<\/div>\n\t\t\t\t\t<\/div>\n\t\t<\/div>\n\t\t\t\t\t<\/div>\n\t\t<\/section>\n\t\t\t\t<\/div>\n\t\t","protected":false},"excerpt":{"rendered":"<p>MASSAGEM RELAXAMENTO MASSAGEM DE RELAXAMENTO COM AROMATERAPIA Corpo inteiro &#8211; 30\u20ac PARTE SUPERIOR DO CORPO &#8211; 20\u20ac Massagem com aromaterapia: &#8211; Utiliza\u00e7\u00e3o de \u00f3leos essenciais para tratamento de transtornos e doen\u00e7as; &#8211; Influencia as emo\u00e7\u00f5es e o estado nervoso, atrav\u00e9s da estimula\u00e7\u00e3o do sistema l\u00edmbico, e tamb\u00e9m a mem\u00f3ria, aprendizagem, hormonas, prazer&#8230; Atua ao n\u00edvel [&hellip;]<\/p>\n","protected":false},"author":2,"featured_media":0,"parent":0,"menu_order":0,"comment_status":"closed","ping_status":"closed","template":"elementor_canvas","meta":{"_joinchat":[],"footnotes":""},"class_list":["post-2389","page","type-page","status-publish","hentry"],"jetpack_sharing_enabled":true,"_links":{"self":[{"href":"https:\/\/aznais.com\/pt\/wp-json\/wp\/v2\/pages\/2389","targetHints":{"allow":["GET"]}}],"collection":[{"href":"https:\/\/aznais.com\/pt\/wp-json\/wp\/v2\/pages"}],"about":[{"href":"https:\/\/aznais.com\/pt\/wp-json\/wp\/v2\/types\/page"}],"author":[{"embeddable":true,"href":"https:\/\/aznais.com\/pt\/wp-json\/wp\/v2\/users\/2"}],"replies":[{"embeddable":true,"href":"https:\/\/aznais.com\/pt\/wp-json\/wp\/v2\/comments?post=2389"}],"version-history":[{"count":0,"href":"https:\/\/aznais.com\/pt\/wp-json\/wp\/v2\/pages\/2389\/revisions"}],"wp:attachment":[{"href":"https:\/\/aznais.com\/pt\/wp-json\/wp\/v2\/media?parent=2389"}],"curies":[{"name":"wp","href":"https:\/\/api.w.org\/{rel}","templated":true}]}}